{"id":5263,"date":"2025-01-27T17:33:20","date_gmt":"2025-01-27T17:33:20","guid":{"rendered":"https:\/\/electronicacasio.com.ec\/?post_type=product&#038;p=5263"},"modified":"2025-02-20T21:53:50","modified_gmt":"2025-02-20T21:53:50","slug":"balanza-etiquetadora-cas-cl8000-tactil","status":"publish","type":"product","link":"https:\/\/megabalanzas.com.ec\/?product=balanza-etiquetadora-cas-cl8000-tactil","title":{"rendered":"BALANZA ETIQUETADORA CAS CL8000 TACTIL"},"content":{"rendered":"<p>Capacidad:30kg Sensibilidad: 5 g<br \/>\nTama\u00f1o del plato: 36.8cm x 28.8cm<br \/>\nResoluci\u00f3n de impresi\u00f3n de etiquetas: 202 ppp<br \/>\nPantalla tipo Touch<br \/>\nPanel delantero y trasero: LCD TFT t\u00e1ctil de 15\u201d<br \/>\nPeso del equipo: 16,0 kg<br \/>\nIncluye softwareCL-Works Pro<br \/>\nVisualiza reportes diarios de pesaje<br \/>\nCapacidad ilimitada de registro de productos<\/p>\n","protected":false},"excerpt":{"rendered":"<p>Capacidad:30kg Sensibilidad: 5 g Tama\u00f1o del plato: 36.8cm x 28.8cm Resoluci\u00f3n de impresi\u00f3n de etiquetas: 202 ppp Pantalla tipo Touch Panel delantero y trasero: LCD TFT t\u00e1ctil de 15\u201d Peso del equipo: 16,0 kg Incluye softwareCL-Works Pro Visualiza reportes diarios de pesaje Capacidad ilimitada de registro de productos<\/p>\n","protected":false},"featured_media":5666,"comment_status":"open","ping_status":"closed","template":"","meta":[],"product_brand":[],"product_cat":[62],"product_tag":[],"class_list":{"0":"post-5263","1":"product","2":"type-product","3":"status-publish","4":"has-post-thumbnail","6":"product_cat-balanzas-etiquetadoras","8":"first","9":"instock","10":"shipping-taxable","11":"product-type-simple"},"_links":{"self":[{"href":"https:\/\/megabalanzas.com.ec\/index.php?rest_route=\/wp\/v2\/product\/5263","targetHints":{"allow":["GET"]}}],"collection":[{"href":"https:\/\/megabalanzas.com.ec\/index.php?rest_route=\/wp\/v2\/product"}],"about":[{"href":"https:\/\/megabalanzas.com.ec\/index.php?rest_route=\/wp\/v2\/types\/product"}],"replies":[{"embeddable":true,"href":"https:\/\/megabalanzas.com.ec\/index.php?rest_route=%2Fwp%2Fv2%2Fcomments&post=5263"}],"wp:featuredmedia":[{"embeddable":true,"href":"https:\/\/megabalanzas.com.ec\/index.php?rest_route=\/wp\/v2\/media\/5666"}],"wp:attachment":[{"href":"https:\/\/megabalanzas.com.ec\/index.php?rest_route=%2Fwp%2Fv2%2Fmedia&parent=5263"}],"wp:term":[{"taxonomy":"product_brand","embeddable":true,"href":"https:\/\/megabalanzas.com.ec\/index.php?rest_route=%2Fwp%2Fv2%2Fproduct_brand&post=5263"},{"taxonomy":"product_cat","embeddable":true,"href":"https:\/\/megabalanzas.com.ec\/index.php?rest_route=%2Fwp%2Fv2%2Fproduct_cat&post=5263"},{"taxonomy":"product_tag","embeddable":true,"href":"https:\/\/megabalanzas.com.ec\/index.php?rest_route=%2Fwp%2Fv2%2Fproduct_tag&post=5263"}],"curies":[{"name":"wp","href":"https:\/\/api.w.org\/{rel}","templated":true}]}}