{"id":5376,"date":"2022-04-06T04:08:24","date_gmt":"2022-04-06T04:08:24","guid":{"rendered":"http:\/\/sw-themes.com\/porto_dummy\/?page_id=133"},"modified":"2025-02-24T16:04:03","modified_gmt":"2025-02-24T16:04:03","slug":"about-2","status":"publish","type":"page","link":"https:\/\/megabalanzas.com.ec\/?page_id=5376","title":{"rendered":"Nosotros"},"content":{"rendered":"\t\t<div data-elementor-type=\"wp-page\" data-elementor-id=\"5376\" class=\"elementor elementor-5376\">\n\t\t\t\t\t\t<div class=\"elementor-section elementor-top-section elementor-element elementor-element-ef5b6ef elementor-section-boxed elementor-section-height-default elementor-section-height-default\" data-id=\"ef5b6ef\" data-element_type=\"section\">\r\n\t\t\r\n\t\t\t\t\t\t\t<div class=\"elementor-container elementor-column-gap-default\">\r\n\t\t\t\t\t\t\t\t\t\t\t<div class=\"elementor-column elementor-col-100 elementor-top-column elementor-element elementor-element-6f1b512\" data-id=\"6f1b512\" data-element_type=\"column\">\r\n\t\t\t\t\t<div class=\"elementor-widget-wrap elementor-element-populated\">\r\n\t\t\t\t\t\t\t\t<div class=\"elementor-element elementor-element-ec44c4b elementor-widget elementor-widget-heading\" data-id=\"ec44c4b\" data-element_type=\"widget\" data-widget_type=\"heading.default\">\n\t\t\t\t<div class=\"elementor-widget-container\">\n\t\t\t\t\t<p class=\"elementor-heading-title elementor-size-default\">En Mega Balanzas, nos dedicamos a ofrecer tecnolog\u00eda innovadora y productos electr\u00f3nicos de alta calidad. Desde nuestros inicios, hemos trabajado con el objetivo de proporcionar soluciones que mejoren la vida diaria de nuestros clientes.<\/p>\t\t\t\t<\/div>\n\t\t\t\t<\/div>\n\t\t\t\t<div class=\"elementor-element elementor-element-927c7cf elementor-widget elementor-widget-heading\" data-id=\"927c7cf\" data-element_type=\"widget\" data-widget_type=\"heading.default\">\n\t\t\t\t<div class=\"elementor-widget-container\">\n\t\t\t\t\t<p class=\"elementor-heading-title elementor-size-default\">Contamos con una amplia gama de productos de pesaje para todas las necesidades de la industria y el sector\u00a0productivo. Creemos en la precisi\u00f3n, la durabilidad y el dise\u00f1o funcional como pilares de lo que hacemos.<\/p>\t\t\t\t<\/div>\n\t\t\t\t<\/div>\n\t\t\t\t<div class=\"elementor-element elementor-element-0172f02 elementor-widget elementor-widget-heading\" data-id=\"0172f02\" data-element_type=\"widget\" data-widget_type=\"heading.default\">\n\t\t\t\t<div class=\"elementor-widget-container\">\n\t\t\t\t\t<p class=\"elementor-heading-title elementor-size-default\">Trabajamos d\u00eda a d\u00eda para asegurarnos de que cada cliente reciba lo mejor en tecnolog\u00eda, respaldado por un servicio excepcional y soporte especializado.<\/p>\t\t\t\t<\/div>\n\t\t\t\t<\/div>\n\t\t\t\t\t<\/div>\r\n\t\t\t\t<\/div>\r\n\t\t\t\t\t<\/div>\r\n\t\t\t\t<\/div>\r\n\t\t\t\t<\/div>\n\t\t","protected":false},"excerpt":{"rendered":"<p>En Mega Balanzas, nos dedicamos a ofrecer tecnolog\u00eda innovadora y productos electr\u00f3nicos de alta calidad. Desde nuestros inicios, hemos trabajado con el objetivo de proporcionar soluciones que mejoren la vida diaria de nuestros clientes. Contamos con una amplia gama de productos de pesaje para todas las necesidades de la industria y el sector\u00a0productivo. Creemos en [&hellip;]<\/p>\n","protected":false},"author":1,"featured_media":0,"parent":0,"menu_order":0,"comment_status":"closed","ping_status":"closed","template":"","meta":{"footnotes":""},"class_list":["post-5376","page","type-page","status-publish","hentry"],"_links":{"self":[{"href":"https:\/\/megabalanzas.com.ec\/index.php?rest_route=\/wp\/v2\/pages\/5376","targetHints":{"allow":["GET"]}}],"collection":[{"href":"https:\/\/megabalanzas.com.ec\/index.php?rest_route=\/wp\/v2\/pages"}],"about":[{"href":"https:\/\/megabalanzas.com.ec\/index.php?rest_route=\/wp\/v2\/types\/page"}],"author":[{"embeddable":true,"href":"https:\/\/megabalanzas.com.ec\/index.php?rest_route=\/wp\/v2\/users\/1"}],"replies":[{"embeddable":true,"href":"https:\/\/megabalanzas.com.ec\/index.php?rest_route=%2Fwp%2Fv2%2Fcomments&post=5376"}],"version-history":[{"count":9,"href":"https:\/\/megabalanzas.com.ec\/index.php?rest_route=\/wp\/v2\/pages\/5376\/revisions"}],"predecessor-version":[{"id":5703,"href":"https:\/\/megabalanzas.com.ec\/index.php?rest_route=\/wp\/v2\/pages\/5376\/revisions\/5703"}],"wp:attachment":[{"href":"https:\/\/megabalanzas.com.ec\/index.php?rest_route=%2Fwp%2Fv2%2Fmedia&parent=5376"}],"curies":[{"name":"wp","href":"https:\/\/api.w.org\/{rel}","templated":true}]}}